{"id":11,"date":"2023-03-16T00:40:12","date_gmt":"2023-03-16T00:40:12","guid":{"rendered":"https:\/\/treinonline.ptjoaocunhafernandes.com\/?page_id=11"},"modified":"2026-04-03T09:06:52","modified_gmt":"2026-04-03T09:06:52","slug":"treino-online-gratuito","status":"publish","type":"page","link":"https:\/\/treinonline.ptjoaocunhafernandes.com\/","title":{"rendered":"Treino Online Gratuito"},"content":{"rendered":"\t\t<div data-elementor-type=\"wp-page\" data-elementor-id=\"11\" class=\"elementor elementor-11\">\n\t\t\t\t<div class=\"elementor-element elementor-element-772e0e8 e-flex e-con-boxed e-con e-parent\" data-id=\"772e0e8\" data-element_type=\"container\" data-e-type=\"container\" id=\"oferta\" data-settings=\"{&quot;background_background&quot;:&quot;classic&quot;}\">\n\t\t\t\t\t<div class=\"e-con-inner\">\n\t\t<div class=\"elementor-element elementor-element-d98feac e-con-full e-flex e-con e-child\" data-id=\"d98feac\" data-element_type=\"container\" data-e-type=\"container\">\n\t\t\t\t<div class=\"elementor-element elementor-element-a7d36db elementor-widget elementor-widget-heading\" data-id=\"a7d36db\" data-element_type=\"widget\" data-e-type=\"widget\" data-widget_type=\"heading.default\">\n\t\t\t\t<div class=\"elementor-widget-container\">\n\t\t\t\t\t<h2 class=\"elementor-heading-title elementor-size-xl\"><a href=\"#oferta\">O 1 PASSO para MUDARES o teu F\u00cdSICO e ATINGIRES uma vida SAUD\u00c1VEL<\/a><\/h2>\t\t\t\t<\/div>\n\t\t\t\t<\/div>\n\t\t\t\t<div class=\"elementor-element elementor-element-868dedf elementor-widget elementor-widget-heading\" data-id=\"868dedf\" data-element_type=\"widget\" data-e-type=\"widget\" data-widget_type=\"heading.default\">\n\t\t\t\t<div class=\"elementor-widget-container\">\n\t\t\t\t\t<h2 class=\"elementor-heading-title elementor-size-default\">Treino online gratuito<\/h2>\t\t\t\t<\/div>\n\t\t\t\t<\/div>\n\t\t\t\t<\/div>\n\t\t\t\t<div class=\"elementor-element elementor-element-b0b46ff elementor-widget elementor-widget-image\" data-id=\"b0b46ff\" data-element_type=\"widget\" data-e-type=\"widget\" data-widget_type=\"image.default\">\n\t\t\t\t<div class=\"elementor-widget-container\">\n\t\t\t\t\t\t\t\t\t\t\t\t\t\t\t<img fetchpriority=\"high\" decoding=\"async\" width=\"1024\" height=\"1024\" src=\"https:\/\/treinonline.ptjoaocunhafernandes.com\/wp-content\/uploads\/2023\/03\/tv-1024x1024.png\" class=\"attachment-large size-large wp-image-14\" alt=\"\" srcset=\"https:\/\/treinonline.ptjoaocunhafernandes.com\/wp-content\/uploads\/2023\/03\/tv.png 1024w, https:\/\/treinonline.ptjoaocunhafernandes.com\/wp-content\/uploads\/2023\/03\/tv-300x300.png 300w, https:\/\/treinonline.ptjoaocunhafernandes.com\/wp-content\/uploads\/2023\/03\/tv-150x150.png 150w, https:\/\/treinonline.ptjoaocunhafernandes.com\/wp-content\/uploads\/2023\/03\/tv-768x768.png 768w\" sizes=\"(max-width: 1024px) 100vw, 1024px\" \/>\t\t\t\t\t\t\t\t\t\t\t\t\t\t\t<\/div>\n\t\t\t\t<\/div>\n\t\t\t\t<div class=\"elementor-element elementor-element-5aa2d80 elementor-widget elementor-widget-heading\" data-id=\"5aa2d80\" data-element_type=\"widget\" data-e-type=\"widget\" data-widget_type=\"heading.default\">\n\t\t\t\t<div class=\"elementor-widget-container\">\n\t\t\t\t\t<h2 class=\"elementor-heading-title elementor-size-default\">Preenche o formul\u00e1rio para garantires o teu treino online gratuito \u2b07\ufe0f<\/h2>\t\t\t\t<\/div>\n\t\t\t\t<\/div>\n\t\t\t\t<div class=\"elementor-element elementor-element-f6851f0 elementor-widget-mobile__width-auto elementor-widget elementor-widget-htmega-contactform-addons\" data-id=\"f6851f0\" data-element_type=\"widget\" data-e-type=\"widget\" data-settings=\"{&quot;_animation_mobile&quot;:&quot;bounceInUp&quot;}\" data-widget_type=\"htmega-contactform-addons.default\">\n\t\t\t\t<div class=\"elementor-widget-container\">\n\t\t\t\t\t            <div class=\"htmega-form-wrapper sidf6851f0 htmega-form-style-6\" >\n                \n<div class=\"wpcf7 no-js\" id=\"wpcf7-f7-o1\" lang=\"pt-PT\" dir=\"ltr\" data-wpcf7-id=\"7\">\n<div class=\"screen-reader-response\"><p role=\"status\" aria-live=\"polite\" aria-atomic=\"true\"><\/p> <ul><\/ul><\/div>\n<form action=\"\/index.php\/wp-json\/wp\/v2\/pages\/11#wpcf7-f7-o1\" method=\"post\" class=\"wpcf7-form init\" aria-label=\"Formul\u00e1rio de contacto\" novalidate=\"novalidate\" data-status=\"init\">\n<fieldset class=\"hidden-fields-container\"><input type=\"hidden\" name=\"_wpcf7\" value=\"7\" \/><input type=\"hidden\" name=\"_wpcf7_version\" value=\"6.1.5\" \/><input type=\"hidden\" name=\"_wpcf7_locale\" value=\"pt_PT\" \/><input type=\"hidden\" name=\"_wpcf7_unit_tag\" value=\"wpcf7-f7-o1\" \/><input type=\"hidden\" name=\"_wpcf7_container_post\" value=\"0\" \/><input type=\"hidden\" name=\"_wpcf7_posted_data_hash\" value=\"\" \/>\n<\/fieldset>\n<p><label>Nome:<span class=\"wpcf7-form-control-wrap\" data-name=\"Nome\"><input size=\"40\" maxlength=\"400\" class=\"wpcf7-form-control wpcf7-text wpcf7-validates-as-required\" aria-required=\"true\" aria-invalid=\"false\" placeholder=\"Exemplo: Jo\u00e3o Fernandes\" value=\"\" type=\"text\" name=\"Nome\" \/><\/span><\/label><br \/>\n<label>Contacto:<span class=\"wpcf7-form-control-wrap\" data-name=\"Contacto\"><input size=\"40\" maxlength=\"400\" class=\"wpcf7-form-control wpcf7-tel wpcf7-validates-as-required wpcf7-text wpcf7-validates-as-tel\" aria-required=\"true\" aria-invalid=\"false\" placeholder=\"Exemplo: 917518923\" value=\"\" type=\"tel\" name=\"Contacto\" \/><\/span><\/label><br \/>\n<label>Email:<span class=\"wpcf7-form-control-wrap\" data-name=\"Email\"><input size=\"40\" maxlength=\"400\" class=\"wpcf7-form-control wpcf7-email wpcf7-validates-as-required wpcf7-text wpcf7-validates-as-email\" aria-required=\"true\" aria-invalid=\"false\" placeholder=\"Exemplo: coachjoaofernandes@gmail.com\" value=\"\" type=\"email\" name=\"Email\" \/><\/span><\/label>\n<\/p>\n<p><input class=\"wpcf7-form-control wpcf7-submit has-spinner\" type=\"submit\" value=\"Sim, quero o meu treino online gratuito!\" \/>\n<\/p><div class=\"wpcf7-response-output\" aria-hidden=\"true\"><\/div>\n<\/form>\n<\/div>\n            <\/div>\n\n\n        \t\t\t\t<\/div>\n\t\t\t\t<\/div>\n\t\t\t\t\t<\/div>\n\t\t\t\t<\/div>\n\t\t<div class=\"elementor-element elementor-element-589f2ae e-flex e-con-boxed e-con e-parent\" data-id=\"589f2ae\" data-element_type=\"container\" data-e-type=\"container\" data-settings=\"{&quot;background_background&quot;:&quot;classic&quot;}\">\n\t\t\t\t\t<div class=\"e-con-inner\">\n\t\t\t\t<div class=\"elementor-element elementor-element-ca02ce5 elementor-widget elementor-widget-heading\" data-id=\"ca02ce5\" data-element_type=\"widget\" data-e-type=\"widget\" data-widget_type=\"heading.default\">\n\t\t\t\t<div class=\"elementor-widget-container\">\n\t\t\t\t\t<h2 class=\"elementor-heading-title elementor-size-default\">O treino online gratuito \u00e9 para ti se:<\/h2>\t\t\t\t<\/div>\n\t\t\t\t<\/div>\n\t\t\t\t<div class=\"elementor-element elementor-element-c4477da elementor-widget elementor-widget-text-editor\" data-id=\"c4477da\" data-element_type=\"widget\" data-e-type=\"widget\" data-widget_type=\"text-editor.default\">\n\t\t\t\t<div class=\"elementor-widget-container\">\n\t\t\t\t\t\t\t\t\t<p><img decoding=\"async\" class=\"emoji\" role=\"img\" draggable=\"false\" src=\"https:\/\/s.w.org\/images\/core\/emoji\/14.0.0\/svg\/2705.svg\" alt=\"\u2705\" \/> Gostavas de experimentar um treino personalizado online<\/p><p><img decoding=\"async\" class=\"emoji\" role=\"img\" draggable=\"false\" src=\"https:\/\/s.w.org\/images\/core\/emoji\/14.0.0\/svg\/2705.svg\" alt=\"\u2705\" \/> J\u00e1 treinas a algum tempo, mas n\u00e3o est\u00e1s a conseguir atingir os teus objetivos<\/p><p><img decoding=\"async\" class=\"emoji\" role=\"img\" draggable=\"false\" src=\"https:\/\/s.w.org\/images\/core\/emoji\/14.0.0\/svg\/2705.svg\" alt=\"\u2705\" \/> Queres come\u00e7ar a treinar, mas n\u00e3o sabes a melhor forma de proceder<\/p><p>\ud83d\ude80 Tens como objetivo perder peso, ganhar massa muscular ou simplesmente melhorar a tua qualidade de vida\u00a0<\/p>\t\t\t\t\t\t\t\t<\/div>\n\t\t\t\t<\/div>\n\t\t\t\t<div class=\"elementor-element elementor-element-bafda3f elementor-mobile-align-center elementor-widget elementor-widget-button\" data-id=\"bafda3f\" data-element_type=\"widget\" data-e-type=\"widget\" data-widget_type=\"button.default\">\n\t\t\t\t<div class=\"elementor-widget-container\">\n\t\t\t\t\t\t\t\t\t<div class=\"elementor-button-wrapper\">\n\t\t\t\t\t<a class=\"elementor-button elementor-button-link elementor-size-md elementor-animation-grow\" href=\"#oferta\">\n\t\t\t\t\t\t<span class=\"elementor-button-content-wrapper\">\n\t\t\t\t\t\t\t\t\t<span class=\"elementor-button-text\">Quero o meu treino online gratuito! \ud83d\ude80<\/span>\n\t\t\t\t\t<\/span>\n\t\t\t\t\t<\/a>\n\t\t\t\t<\/div>\n\t\t\t\t\t\t\t\t<\/div>\n\t\t\t\t<\/div>\n\t\t\t\t\t<\/div>\n\t\t\t\t<\/div>\n\t\t<div class=\"elementor-element elementor-element-ab52e1f e-flex e-con-boxed e-con e-parent\" data-id=\"ab52e1f\" data-element_type=\"container\" data-e-type=\"container\" data-settings=\"{&quot;background_background&quot;:&quot;classic&quot;}\">\n\t\t\t\t\t<div class=\"e-con-inner\">\n\t\t\t\t<div class=\"elementor-element elementor-element-5d21ab4 elementor-widget elementor-widget-heading\" data-id=\"5d21ab4\" data-element_type=\"widget\" data-e-type=\"widget\" data-widget_type=\"heading.default\">\n\t\t\t\t<div class=\"elementor-widget-container\">\n\t\t\t\t\t<h2 class=\"elementor-heading-title elementor-size-default\">O treino online gratuito vai ser:<\/h2>\t\t\t\t<\/div>\n\t\t\t\t<\/div>\n\t\t\t\t<div class=\"elementor-element elementor-element-41874d3 elementor-widget elementor-widget-text-editor\" data-id=\"41874d3\" data-element_type=\"widget\" data-e-type=\"widget\" data-widget_type=\"text-editor.default\">\n\t\t\t\t<div class=\"elementor-widget-container\">\n\t\t\t\t\t\t\t\t\t<p>\u00a0\ud83d\udc49 Adequado aquilo que s\u00e3o os teus objetivos<\/p><p>\u00a0\ud83d\udc49 Adequado ao material de treino que tens dispon\u00edvel, mas, se por acaso n\u00e3o tiveres nenhum n\u00e3o tem problema<\/p><p>\u00a0\ud83d\udc49 Vai ter a dura\u00e7\u00e3o de 30 minutos\u00a0<\/p>\t\t\t\t\t\t\t\t<\/div>\n\t\t\t\t<\/div>\n\t\t\t\t\t<\/div>\n\t\t\t\t<\/div>\n\t\t<div class=\"elementor-element elementor-element-b24a83f e-flex e-con-boxed e-con e-parent\" data-id=\"b24a83f\" data-element_type=\"container\" data-e-type=\"container\">\n\t\t\t\t\t<div class=\"e-con-inner\">\n\t\t\t\t<div class=\"elementor-element elementor-element-02424b8 elementor-widget elementor-widget-heading\" data-id=\"02424b8\" data-element_type=\"widget\" data-e-type=\"widget\" data-widget_type=\"heading.default\">\n\t\t\t\t<div class=\"elementor-widget-container\">\n\t\t\t\t\t<h2 class=\"elementor-heading-title elementor-size-default\">Quem sou eu?<\/h2>\t\t\t\t<\/div>\n\t\t\t\t<\/div>\n\t\t\t\t<div class=\"elementor-element elementor-element-4704b7f elementor-widget elementor-widget-image\" data-id=\"4704b7f\" data-element_type=\"widget\" data-e-type=\"widget\" data-widget_type=\"image.default\">\n\t\t\t\t<div class=\"elementor-widget-container\">\n\t\t\t\t\t\t\t\t\t\t\t\t\t\t\t<img decoding=\"async\" width=\"1024\" height=\"1024\" src=\"https:\/\/treinonline.ptjoaocunhafernandes.com\/wp-content\/uploads\/2023\/03\/Design-sem-nome-1024x1024.png\" class=\"attachment-large size-large wp-image-187\" alt=\"\" srcset=\"https:\/\/treinonline.ptjoaocunhafernandes.com\/wp-content\/uploads\/2023\/03\/Design-sem-nome-1024x1024.png 1024w, https:\/\/treinonline.ptjoaocunhafernandes.com\/wp-content\/uploads\/2023\/03\/Design-sem-nome-300x300.png 300w, https:\/\/treinonline.ptjoaocunhafernandes.com\/wp-content\/uploads\/2023\/03\/Design-sem-nome-150x150.png 150w, https:\/\/treinonline.ptjoaocunhafernandes.com\/wp-content\/uploads\/2023\/03\/Design-sem-nome-768x768.png 768w, https:\/\/treinonline.ptjoaocunhafernandes.com\/wp-content\/uploads\/2023\/03\/Design-sem-nome.png 1080w\" sizes=\"(max-width: 1024px) 100vw, 1024px\" \/>\t\t\t\t\t\t\t\t\t\t\t\t\t\t\t<\/div>\n\t\t\t\t<\/div>\n\t\t\t\t<div class=\"elementor-element elementor-element-4f85841 elementor-widget elementor-widget-text-editor\" data-id=\"4f85841\" data-element_type=\"widget\" data-e-type=\"widget\" data-widget_type=\"text-editor.default\">\n\t\t\t\t<div class=\"elementor-widget-container\">\n\t\t\t\t\t\t\t\t\t<p style=\"margin: 0px 0px 1em; color: #0b0b0b; font-family: Poppins, sans-serif; font-size: 15px;\">Eu chamo-me Jo\u00e3o, e sou Personal Trainer. Desde muito cedo percebi que o meu objetivo \u00e9 ajudar o maior n\u00famero de pessoas poss\u00edvel a serem mais saud\u00e1veis e a gostarem mais do seu corpo.<\/p>\n<p style=\"margin: 0px 0px 1em; color: #0b0b0b; font-family: Poppins, sans-serif; font-size: 15px;\">Tenho desenvolvido o meu trabalho nas redes sociais de uma forma consistente, onde apresento diversas dicas e informa\u00e7\u00f5es \u00fateis de treino que podem facilmente ajudar-te a seres uma pessoa mais saud\u00e1vel e feliz com o teu corpo.<\/p>\n<p style=\"margin: 0px 0px 1em; color: #0b0b0b; font-family: Poppins, sans-serif; font-size: 15px;\">Neste momento disponho de duas formas de acompanhamento: <b>Acompanhamento Personalizado Online&nbsp;<\/b>(acompanhamento individual com plano de treino &#8211; com ou sem nutri\u00e7\u00e3o)<span style=\"font-weight: bold;\">&nbsp;<\/span><b>e os Treinos de Grupo Online&nbsp;<\/b>(acompanhamento com treinos em direto por videochamada e\/ou atrav\u00e9s de grava\u00e7\u00f5es &#8211; com possibilidade de acompanhamento nutricional).<\/p>\n<p style=\"margin: 0px 0px 1em; color: #0b0b0b; font-family: Poppins, sans-serif; font-size: 15px;\">\u00c9 com estas duas formas de acompanhamento que eu vou&nbsp;<b>ajudar-te a atingir os teus objetivos<\/b>, sejam eles de perda de peso, ganho de massa muscular ou simplesmente obter um estilo de vida mais saud\u00e1vel.&nbsp;<\/p>\t\t\t\t\t\t\t\t<\/div>\n\t\t\t\t<\/div>\n\t\t\t\t\t<\/div>\n\t\t\t\t<\/div>\n\t\t<div class=\"elementor-element elementor-element-42a28c9 e-flex e-con-boxed e-con e-parent\" data-id=\"42a28c9\" data-element_type=\"container\" data-e-type=\"container\" data-settings=\"{&quot;background_background&quot;:&quot;classic&quot;}\">\n\t\t\t\t\t<div class=\"e-con-inner\">\n\t\t\t\t<div class=\"elementor-element elementor-element-f576639 elementor-widget elementor-widget-heading\" data-id=\"f576639\" data-element_type=\"widget\" data-e-type=\"widget\" data-widget_type=\"heading.default\">\n\t\t\t\t<div class=\"elementor-widget-container\">\n\t\t\t\t\t<h2 class=\"elementor-heading-title elementor-size-default\">Feedback<\/h2>\t\t\t\t<\/div>\n\t\t\t\t<\/div>\n\t\t\t\t<div class=\"elementor-element elementor-element-ed39074 elementor-arrows-position-inside elementor-pagination-position-outside elementor-widget elementor-widget-image-carousel\" data-id=\"ed39074\" data-element_type=\"widget\" data-e-type=\"widget\" data-settings=\"{&quot;slides_to_show_mobile&quot;:&quot;1&quot;,&quot;speed&quot;:100,&quot;navigation&quot;:&quot;both&quot;,&quot;autoplay&quot;:&quot;yes&quot;,&quot;pause_on_hover&quot;:&quot;yes&quot;,&quot;pause_on_interaction&quot;:&quot;yes&quot;,&quot;autoplay_speed&quot;:5000,&quot;infinite&quot;:&quot;yes&quot;}\" data-widget_type=\"image-carousel.default\">\n\t\t\t\t<div class=\"elementor-widget-container\">\n\t\t\t\t\t\t\t<div class=\"elementor-image-carousel-wrapper swiper\" role=\"region\" aria-roledescription=\"carousel\" aria-label=\"Carrossel de imagens\" dir=\"ltr\">\n\t\t\t<div class=\"elementor-image-carousel swiper-wrapper swiper-image-stretch\" aria-live=\"off\">\n\t\t\t\t\t\t\t\t<div class=\"swiper-slide\" role=\"group\" aria-roledescription=\"slide\" aria-label=\"1 of 6\"><figure class=\"swiper-slide-inner\"><img decoding=\"async\" class=\"swiper-slide-image\" src=\"https:\/\/treinonline.ptjoaocunhafernandes.com\/wp-content\/uploads\/2024\/12\/1-1-768x768.png\" alt=\"1\" \/><\/figure><\/div><div class=\"swiper-slide\" role=\"group\" aria-roledescription=\"slide\" aria-label=\"2 of 6\"><figure class=\"swiper-slide-inner\"><img decoding=\"async\" class=\"swiper-slide-image\" src=\"https:\/\/treinonline.ptjoaocunhafernandes.com\/wp-content\/uploads\/2024\/12\/3-768x768.png\" alt=\"3\" \/><\/figure><\/div><div class=\"swiper-slide\" role=\"group\" aria-roledescription=\"slide\" aria-label=\"3 of 6\"><figure class=\"swiper-slide-inner\"><img decoding=\"async\" class=\"swiper-slide-image\" src=\"https:\/\/treinonline.ptjoaocunhafernandes.com\/wp-content\/uploads\/2024\/12\/1-768x768.png\" alt=\"1\" \/><\/figure><\/div><div class=\"swiper-slide\" role=\"group\" aria-roledescription=\"slide\" aria-label=\"4 of 6\"><figure class=\"swiper-slide-inner\"><img decoding=\"async\" class=\"swiper-slide-image\" src=\"https:\/\/treinonline.ptjoaocunhafernandes.com\/wp-content\/uploads\/2024\/12\/2-768x768.png\" alt=\"2\" \/><\/figure><\/div><div class=\"swiper-slide\" role=\"group\" aria-roledescription=\"slide\" aria-label=\"5 of 6\"><figure class=\"swiper-slide-inner\"><img decoding=\"async\" class=\"swiper-slide-image\" src=\"https:\/\/treinonline.ptjoaocunhafernandes.com\/wp-content\/uploads\/2024\/12\/1-2-768x768.png\" alt=\"1\" \/><\/figure><\/div><div class=\"swiper-slide\" role=\"group\" aria-roledescription=\"slide\" aria-label=\"6 of 6\"><figure class=\"swiper-slide-inner\"><img decoding=\"async\" class=\"swiper-slide-image\" src=\"https:\/\/treinonline.ptjoaocunhafernandes.com\/wp-content\/uploads\/2024\/12\/2-1-768x768.png\" alt=\"2\" \/><\/figure><\/div>\t\t\t<\/div>\n\t\t\t\t\t\t\t\t\t\t\t\t<div class=\"elementor-swiper-button elementor-swiper-button-prev\" role=\"button\" tabindex=\"0\">\n\t\t\t\t\t\t<i aria-hidden=\"true\" class=\"eicon-chevron-left\"><\/i>\t\t\t\t\t<\/div>\n\t\t\t\t\t<div class=\"elementor-swiper-button elementor-swiper-button-next\" role=\"button\" tabindex=\"0\">\n\t\t\t\t\t\t<i aria-hidden=\"true\" class=\"eicon-chevron-right\"><\/i>\t\t\t\t\t<\/div>\n\t\t\t\t\n\t\t\t\t\t\t\t\t\t<div class=\"swiper-pagination\"><\/div>\n\t\t\t\t\t\t\t\t\t<\/div>\n\t\t\t\t\t\t<\/div>\n\t\t\t\t<\/div>\n\t\t\t\t<div class=\"elementor-element elementor-element-919ea89 elementor-widget elementor-widget-button\" data-id=\"919ea89\" data-element_type=\"widget\" data-e-type=\"widget\" data-widget_type=\"button.default\">\n\t\t\t\t<div class=\"elementor-widget-container\">\n\t\t\t\t\t\t\t\t\t<div class=\"elementor-button-wrapper\">\n\t\t\t\t\t<a class=\"elementor-button elementor-button-link elementor-size-md\" href=\"#oferta\">\n\t\t\t\t\t\t<span class=\"elementor-button-content-wrapper\">\n\t\t\t\t\t\t\t\t\t<span class=\"elementor-button-text\">Quero ser a pr\u00f3xima transforma\u00e7\u00e3o f\u00edsica! \ud83d\ude80 <\/span>\n\t\t\t\t\t<\/span>\n\t\t\t\t\t<\/a>\n\t\t\t\t<\/div>\n\t\t\t\t\t\t\t\t<\/div>\n\t\t\t\t<\/div>\n\t\t\t\t\t<\/div>\n\t\t\t\t<\/div>\n\t\t\t\t<\/div>\n\t\t","protected":false},"excerpt":{"rendered":"<p>O 1 PASSO para MUDARES o teu F\u00cdSICO e ATINGIRES uma vida SAUD\u00c1VEL Treino online gratuito Preenche o formul\u00e1rio para garantires o teu treino online gratuito \u2b07\ufe0f Nome: Contacto: Email: O treino online gratuito \u00e9 para ti se: Gostavas de experimentar um treino personalizado online J\u00e1 treinas a algum tempo, mas n\u00e3o est\u00e1s a conseguir [&hellip;]<\/p>\n","protected":false},"author":1,"featured_media":0,"parent":0,"menu_order":0,"comment_status":"closed","ping_status":"closed","template":"elementor_canvas","meta":{"footnotes":""},"class_list":["post-11","page","type-page","status-publish","hentry"],"_links":{"self":[{"href":"https:\/\/treinonline.ptjoaocunhafernandes.com\/index.php\/wp-json\/wp\/v2\/pages\/11","targetHints":{"allow":["GET"]}}],"collection":[{"href":"https:\/\/treinonline.ptjoaocunhafernandes.com\/index.php\/wp-json\/wp\/v2\/pages"}],"about":[{"href":"https:\/\/treinonline.ptjoaocunhafernandes.com\/index.php\/wp-json\/wp\/v2\/types\/page"}],"author":[{"embeddable":true,"href":"https:\/\/treinonline.ptjoaocunhafernandes.com\/index.php\/wp-json\/wp\/v2\/users\/1"}],"replies":[{"embeddable":true,"href":"https:\/\/treinonline.ptjoaocunhafernandes.com\/index.php\/wp-json\/wp\/v2\/comments?post=11"}],"version-history":[{"count":427,"href":"https:\/\/treinonline.ptjoaocunhafernandes.com\/index.php\/wp-json\/wp\/v2\/pages\/11\/revisions"}],"predecessor-version":[{"id":2988,"href":"https:\/\/treinonline.ptjoaocunhafernandes.com\/index.php\/wp-json\/wp\/v2\/pages\/11\/revisions\/2988"}],"wp:attachment":[{"href":"https:\/\/treinonline.ptjoaocunhafernandes.com\/index.php\/wp-json\/wp\/v2\/media?parent=11"}],"curies":[{"name":"wp","href":"https:\/\/api.w.org\/{rel}","templated":true}]}}